{"id":10,"date":"2024-02-19T21:50:12","date_gmt":"2024-02-19T20:50:12","guid":{"rendered":"https:\/\/rudyrydz.bieszczady.pl\/?page_id=10"},"modified":"2024-03-27T22:38:18","modified_gmt":"2024-03-27T21:38:18","slug":"strona-glowna","status":"publish","type":"page","link":"https:\/\/rudyrydz.bieszczady.pl\/","title":{"rendered":"Rudy Rydz"},"content":{"rendered":"\n<h2 class=\"wp-block-heading\"><mark style=\"background-color:rgba(0, 0, 0, 0)\" class=\"has-inline-color has-black-color\">Witamy w Bieszczadach!<\/mark><\/h2>\n\n\n\n<p>Urokliwy drewniany domek w bieszczadzkiej g\u0142uszy, czeka na go\u015bci spragnionych wypoczynku na \u0142onie natury.<br>Amatorzy g\u00f3rskich w\u0119dr\u00f3wek, spacerowicze, grzybiarze, rowerzy\u015bci, narciarze &#8211; i wszyscy ci, spragnieni \u015bwi\u0119tego spokoju, znajd\u0105 u Nas sw\u00f3j azyl. <\/p>\n","protected":false},"excerpt":{"rendered":"<p>Witamy w Bieszczadach! Urokliwy drewniany domek w bieszczadzkiej g\u0142uszy, czeka na go\u015bci spragnionych wypoczynku na \u0142onie natury.Amatorzy g\u00f3rskich w\u0119dr\u00f3wek, spacerowicze, grzybiarze, rowerzy\u015bci, narciarze &#8211; i wszyscy ci, spragnieni \u015bwi\u0119tego spokoju, znajd\u0105 u Nas sw\u00f3j azyl.<\/p>\n","protected":false},"author":1,"featured_media":101,"parent":0,"menu_order":0,"comment_status":"closed","ping_status":"closed","template":"","meta":{"om_disable_all_campaigns":false,"_monsterinsights_skip_tracking":false,"_monsterinsights_sitenote_active":false,"_monsterinsights_sitenote_note":"","_monsterinsights_sitenote_category":0,"footnotes":""},"class_list":["post-10","page","type-page","status-publish","has-post-thumbnail","hentry"],"aioseo_notices":[],"_links":{"self":[{"href":"https:\/\/rudyrydz.bieszczady.pl\/index.php\/wp-json\/wp\/v2\/pages\/10","targetHints":{"allow":["GET"]}}],"collection":[{"href":"https:\/\/rudyrydz.bieszczady.pl\/index.php\/wp-json\/wp\/v2\/pages"}],"about":[{"href":"https:\/\/rudyrydz.bieszczady.pl\/index.php\/wp-json\/wp\/v2\/types\/page"}],"author":[{"embeddable":true,"href":"https:\/\/rudyrydz.bieszczady.pl\/index.php\/wp-json\/wp\/v2\/users\/1"}],"replies":[{"embeddable":true,"href":"https:\/\/rudyrydz.bieszczady.pl\/index.php\/wp-json\/wp\/v2\/comments?post=10"}],"version-history":[{"count":4,"href":"https:\/\/rudyrydz.bieszczady.pl\/index.php\/wp-json\/wp\/v2\/pages\/10\/revisions"}],"predecessor-version":[{"id":131,"href":"https:\/\/rudyrydz.bieszczady.pl\/index.php\/wp-json\/wp\/v2\/pages\/10\/revisions\/131"}],"wp:featuredmedia":[{"embeddable":true,"href":"https:\/\/rudyrydz.bieszczady.pl\/index.php\/wp-json\/wp\/v2\/media\/101"}],"wp:attachment":[{"href":"https:\/\/rudyrydz.bieszczady.pl\/index.php\/wp-json\/wp\/v2\/media?parent=10"}],"curies":[{"name":"wp","href":"https:\/\/api.w.org\/{rel}","templated":true}]}}