{"id":36,"date":"2024-02-19T22:13:45","date_gmt":"2024-02-19T21:13:45","guid":{"rendered":"https:\/\/rudyrydz.bieszczady.pl\/?page_id=36"},"modified":"2024-03-27T22:20:06","modified_gmt":"2024-03-27T21:20:06","slug":"domek","status":"publish","type":"page","link":"https:\/\/rudyrydz.bieszczady.pl\/index.php\/domek\/","title":{"rendered":"Domek"},"content":{"rendered":"\n<p class=\"has-small-font-size\">Do dyspozycji Pa\u0144stwa oddajemy komfortowy domek mieszcz\u0105cy trzy\/cztery osoby doros\u0142e oraz dw\u00f3jk\u0119 dzieci\/nastolatk\u00f3w.<\/p>\n\n\n\n<p class=\"has-small-font-size\">W domku s\u0105 dwie sypialnie.<br>Jedna sypialnia znajduje si\u0119 na antresoli z trzema pojedynczymi \u0142\u00f3\u017ckami z mo\u017cliwo\u015bci\u0105 po\u0142\u0105czenia oraz ma\u0142a sypialnia na parterze z dwuosobowym \u0142\u00f3\u017ckiem pi\u0119trowym.<\/p>\n\n\n\n<p class=\"has-small-font-size\">Kuchnia urz\u0105dzona jest taki spos\u00f3b aby ka\u017cdy czu\u0142 si\u0119 jak we w\u0142asnym domu i zosta\u0142a wyposa\u017cona w:<\/p>\n\n\n\n<ul class=\"wp-block-list\">\n<li class=\"has-small-font-size\">lod\u00f3wk\u0119<\/li>\n\n\n\n<li class=\"has-small-font-size\">kuchenk\u0119 mikrofalow\u0105<\/li>\n\n\n\n<li class=\"has-small-font-size\">p\u0142yt\u0119 indukcyjn\u0105<\/li>\n\n\n\n<li class=\"has-small-font-size\"> czajnik elektryczny<\/li>\n<\/ul>\n\n\n\n<p class=\"has-small-font-size\">\u0141azienka r\u00f3wnie funkcjonalna wyposa\u017cona w:<\/p>\n\n\n\n<ul class=\"has-small-font-size wp-block-list\">\n<li>pralk\u0119<\/li>\n\n\n\n<li>\u017celazko<\/li>\n\n\n\n<li>desk\u0119 do prasowania<\/li>\n\n\n\n<li>suszark\u0119 do w\u0142os\u00f3w<\/li>\n<\/ul>\n\n\n\n<p class=\"has-small-font-size\">W salonie ciep\u0142a b\u0119dzie dostarcza\u0142 nastrojowy kominek.<\/p>\n\n\n\n<h2 class=\"wp-block-heading has-text-align-center\">Zobacz galeri\u0119 zdj\u0119\u0107 ma\u0142ego Domku w Bieszczadach<\/h2>\n\n\n\n<figure class=\"wp-block-gallery has-nested-images columns-default is-cropped wp-block-gallery-1 is-layout-flex wp-block-gallery-is-layout-flex\">\n<figure class=\"wp-block-image size-large\"><a href=\"https:\/\/rudyrydz.bieszczady.pl\/index.php\/domek\/sypialnia-2-lozko-pietrowe\/\"><img loading=\"lazy\" decoding=\"async\" width=\"750\" height=\"1000\" data-id=\"42\" src=\"https:\/\/rudyrydz.bieszczady.pl\/wp-content\/uploads\/2024\/02\/sypialnia-2-lozko-pietrowe.jpg\" alt=\"\" class=\"wp-image-42\" srcset=\"https:\/\/rudyrydz.bieszczady.pl\/wp-content\/uploads\/2024\/02\/sypialnia-2-lozko-pietrowe.jpg 750w, https:\/\/rudyrydz.bieszczady.pl\/wp-content\/uploads\/2024\/02\/sypialnia-2-lozko-pietrowe-225x300.jpg 225w\" sizes=\"auto, (max-width: 706px) 89vw, (max-width: 767px) 82vw, 740px\" \/><\/a><\/figure>\n\n\n\n<figure class=\"wp-block-image size-large\"><a href=\"https:\/\/rudyrydz.bieszczady.pl\/index.php\/domek\/schody-do-antresoli\/\"><img loading=\"lazy\" decoding=\"async\" width=\"750\" height=\"1000\" data-id=\"44\" src=\"https:\/\/rudyrydz.bieszczady.pl\/wp-content\/uploads\/2024\/02\/schody-do-antresoli-rotated.jpg\" alt=\"\" class=\"wp-image-44\" srcset=\"https:\/\/rudyrydz.bieszczady.pl\/wp-content\/uploads\/2024\/02\/schody-do-antresoli-rotated.jpg 750w, https:\/\/rudyrydz.bieszczady.pl\/wp-content\/uploads\/2024\/02\/schody-do-antresoli-225x300.jpg 225w\" sizes=\"auto, (max-width: 706px) 89vw, (max-width: 767px) 82vw, 740px\" \/><\/a><\/figure>\n\n\n\n<figure class=\"wp-block-image size-large\"><a href=\"https:\/\/rudyrydz.bieszczady.pl\/index.php\/domek\/salon-kuchnia-widok-z-antresoli\/\"><img loading=\"lazy\" decoding=\"async\" width=\"1024\" height=\"768\" data-id=\"43\" src=\"https:\/\/rudyrydz.bieszczady.pl\/wp-content\/uploads\/2024\/02\/salon-kuchnia-widok-z-antresoli-1024x768.jpg\" alt=\"\" class=\"wp-image-43\" srcset=\"https:\/\/rudyrydz.bieszczady.pl\/wp-content\/uploads\/2024\/02\/salon-kuchnia-widok-z-antresoli-1024x768.jpg 1024w, https:\/\/rudyrydz.bieszczady.pl\/wp-content\/uploads\/2024\/02\/salon-kuchnia-widok-z-antresoli-300x225.jpg 300w, https:\/\/rudyrydz.bieszczady.pl\/wp-content\/uploads\/2024\/02\/salon-kuchnia-widok-z-antresoli-768x576.jpg 768w, https:\/\/rudyrydz.bieszczady.pl\/wp-content\/uploads\/2024\/02\/salon-kuchnia-widok-z-antresoli.jpg 1333w\" sizes=\"auto, (max-width: 767px) 89vw, (max-width: 1000px) 54vw, (max-width: 1071px) 543px, 580px\" \/><\/a><\/figure>\n\n\n\n<figure class=\"wp-block-image size-large\"><a href=\"https:\/\/rudyrydz.bieszczady.pl\/index.php\/domek\/salon-kuchnia-3\/\"><img loading=\"lazy\" decoding=\"async\" width=\"1024\" height=\"768\" data-id=\"45\" src=\"https:\/\/rudyrydz.bieszczady.pl\/wp-content\/uploads\/2024\/02\/salon-kuchnia-3-1024x768.jpg\" alt=\"\" class=\"wp-image-45\" srcset=\"https:\/\/rudyrydz.bieszczady.pl\/wp-content\/uploads\/2024\/02\/salon-kuchnia-3-1024x768.jpg 1024w, https:\/\/rudyrydz.bieszczady.pl\/wp-content\/uploads\/2024\/02\/salon-kuchnia-3-300x225.jpg 300w, https:\/\/rudyrydz.bieszczady.pl\/wp-content\/uploads\/2024\/02\/salon-kuchnia-3-768x576.jpg 768w, https:\/\/rudyrydz.bieszczady.pl\/wp-content\/uploads\/2024\/02\/salon-kuchnia-3.jpg 1333w\" sizes=\"auto, (max-width: 767px) 89vw, (max-width: 1000px) 54vw, (max-width: 1071px) 543px, 580px\" \/><\/a><\/figure>\n\n\n\n<figure class=\"wp-block-image size-large\"><a href=\"https:\/\/rudyrydz.bieszczady.pl\/index.php\/domek\/salon-kuchnia-2\/\"><img loading=\"lazy\" decoding=\"async\" width=\"750\" height=\"1000\" data-id=\"46\" src=\"https:\/\/rudyrydz.bieszczady.pl\/wp-content\/uploads\/2024\/02\/salon-kuchnia-2.jpg\" alt=\"\" class=\"wp-image-46\" srcset=\"https:\/\/rudyrydz.bieszczady.pl\/wp-content\/uploads\/2024\/02\/salon-kuchnia-2.jpg 750w, https:\/\/rudyrydz.bieszczady.pl\/wp-content\/uploads\/2024\/02\/salon-kuchnia-2-225x300.jpg 225w\" sizes=\"auto, (max-width: 706px) 89vw, (max-width: 767px) 82vw, 740px\" \/><\/a><\/figure>\n\n\n\n<figure class=\"wp-block-image size-full\"><a href=\"https:\/\/rudyrydz.bieszczady.pl\/index.php\/domek\/kominek-3\/\"><img loading=\"lazy\" decoding=\"async\" width=\"750\" height=\"1000\" data-id=\"49\" src=\"https:\/\/rudyrydz.bieszczady.pl\/wp-content\/uploads\/2024\/02\/kominek-3.jpg\" alt=\"\" class=\"wp-image-49\" srcset=\"https:\/\/rudyrydz.bieszczady.pl\/wp-content\/uploads\/2024\/02\/kominek-3.jpg 750w, https:\/\/rudyrydz.bieszczady.pl\/wp-content\/uploads\/2024\/02\/kominek-3-225x300.jpg 225w\" sizes=\"auto, (max-width: 706px) 89vw, (max-width: 767px) 82vw, 740px\" \/><\/a><\/figure>\n\n\n\n<figure class=\"wp-block-image size-full\"><a href=\"https:\/\/rudyrydz.bieszczady.pl\/index.php\/domek\/eazienka-1\/\"><img loading=\"lazy\" decoding=\"async\" width=\"750\" height=\"1000\" data-id=\"54\" src=\"https:\/\/rudyrydz.bieszczady.pl\/wp-content\/uploads\/2024\/02\/eazienka-1.jpg\" alt=\"\" class=\"wp-image-54\" srcset=\"https:\/\/rudyrydz.bieszczady.pl\/wp-content\/uploads\/2024\/02\/eazienka-1.jpg 750w, https:\/\/rudyrydz.bieszczady.pl\/wp-content\/uploads\/2024\/02\/eazienka-1-225x300.jpg 225w\" sizes=\"auto, (max-width: 706px) 89vw, (max-width: 767px) 82vw, 740px\" \/><\/a><\/figure>\n\n\n\n<figure class=\"wp-block-image size-large\"><a href=\"https:\/\/rudyrydz.bieszczady.pl\/index.php\/domek\/kominek-1\/\"><img loading=\"lazy\" decoding=\"async\" width=\"750\" height=\"1000\" data-id=\"53\" src=\"https:\/\/rudyrydz.bieszczady.pl\/wp-content\/uploads\/2024\/02\/kominek-1.jpg\" alt=\"\" class=\"wp-image-53\" srcset=\"https:\/\/rudyrydz.bieszczady.pl\/wp-content\/uploads\/2024\/02\/kominek-1.jpg 750w, https:\/\/rudyrydz.bieszczady.pl\/wp-content\/uploads\/2024\/02\/kominek-1-225x300.jpg 225w\" sizes=\"auto, (max-width: 706px) 89vw, (max-width: 767px) 82vw, 740px\" \/><\/a><\/figure>\n\n\n\n<figure class=\"wp-block-image size-large\"><a href=\"https:\/\/rudyrydz.bieszczady.pl\/index.php\/domek\/antresolasypialnia-1\/\"><img loading=\"lazy\" decoding=\"async\" width=\"1024\" height=\"768\" data-id=\"55\" src=\"https:\/\/rudyrydz.bieszczady.pl\/wp-content\/uploads\/2024\/02\/antresolasypialnia-1-1024x768.jpg\" alt=\"\" class=\"wp-image-55\" srcset=\"https:\/\/rudyrydz.bieszczady.pl\/wp-content\/uploads\/2024\/02\/antresolasypialnia-1-1024x768.jpg 1024w, https:\/\/rudyrydz.bieszczady.pl\/wp-content\/uploads\/2024\/02\/antresolasypialnia-1-300x225.jpg 300w, https:\/\/rudyrydz.bieszczady.pl\/wp-content\/uploads\/2024\/02\/antresolasypialnia-1-768x576.jpg 768w, https:\/\/rudyrydz.bieszczady.pl\/wp-content\/uploads\/2024\/02\/antresolasypialnia-1.jpg 1333w\" sizes=\"auto, (max-width: 767px) 89vw, (max-width: 1000px) 54vw, (max-width: 1071px) 543px, 580px\" \/><\/a><\/figure>\n\n\n\n<figure class=\"wp-block-image size-large\"><a href=\"https:\/\/rudyrydz.bieszczady.pl\/index.php\/domek\/okno-widok-na-las\/\"><img loading=\"lazy\" decoding=\"async\" width=\"1024\" height=\"768\" data-id=\"48\" src=\"https:\/\/rudyrydz.bieszczady.pl\/wp-content\/uploads\/2024\/02\/okno-widok-na-las-1024x768.jpg\" alt=\"\" class=\"wp-image-48\" srcset=\"https:\/\/rudyrydz.bieszczady.pl\/wp-content\/uploads\/2024\/02\/okno-widok-na-las-1024x768.jpg 1024w, https:\/\/rudyrydz.bieszczady.pl\/wp-content\/uploads\/2024\/02\/okno-widok-na-las-300x225.jpg 300w, https:\/\/rudyrydz.bieszczady.pl\/wp-content\/uploads\/2024\/02\/okno-widok-na-las-768x576.jpg 768w, https:\/\/rudyrydz.bieszczady.pl\/wp-content\/uploads\/2024\/02\/okno-widok-na-las.jpg 1333w\" sizes=\"auto, (max-width: 767px) 89vw, (max-width: 1000px) 54vw, (max-width: 1071px) 543px, 580px\" \/><\/a><\/figure>\n\n\n\n<figure class=\"wp-block-image size-large\"><a href=\"https:\/\/rudyrydz.bieszczady.pl\/index.php\/domek\/okno-1-widok-na-las\/\"><img loading=\"lazy\" decoding=\"async\" width=\"1024\" height=\"461\" data-id=\"50\" src=\"https:\/\/rudyrydz.bieszczady.pl\/wp-content\/uploads\/2024\/02\/okno-1-widok-na-las--1024x461.jpg\" alt=\"\" class=\"wp-image-50\" srcset=\"https:\/\/rudyrydz.bieszczady.pl\/wp-content\/uploads\/2024\/02\/okno-1-widok-na-las--1024x461.jpg 1024w, https:\/\/rudyrydz.bieszczady.pl\/wp-content\/uploads\/2024\/02\/okno-1-widok-na-las--300x135.jpg 300w, https:\/\/rudyrydz.bieszczady.pl\/wp-content\/uploads\/2024\/02\/okno-1-widok-na-las--768x346.jpg 768w, https:\/\/rudyrydz.bieszczady.pl\/wp-content\/uploads\/2024\/02\/okno-1-widok-na-las--1536x691.jpg 1536w, https:\/\/rudyrydz.bieszczady.pl\/wp-content\/uploads\/2024\/02\/okno-1-widok-na-las--2048x922.jpg 2048w\" sizes=\"auto, (max-width: 767px) 89vw, (max-width: 1000px) 54vw, (max-width: 1071px) 543px, 580px\" \/><\/a><\/figure>\n\n\n\n<figure class=\"wp-block-image size-large\"><a href=\"https:\/\/rudyrydz.bieszczady.pl\/index.php\/domek\/rudyrydz-widok-1\/\"><img loading=\"lazy\" decoding=\"async\" width=\"1024\" height=\"461\" data-id=\"74\" src=\"https:\/\/rudyrydz.bieszczady.pl\/wp-content\/uploads\/2024\/02\/rudyrydz-widok-1-1024x461.jpg\" alt=\"\" class=\"wp-image-74\" srcset=\"https:\/\/rudyrydz.bieszczady.pl\/wp-content\/uploads\/2024\/02\/rudyrydz-widok-1-1024x461.jpg 1024w, https:\/\/rudyrydz.bieszczady.pl\/wp-content\/uploads\/2024\/02\/rudyrydz-widok-1-300x135.jpg 300w, https:\/\/rudyrydz.bieszczady.pl\/wp-content\/uploads\/2024\/02\/rudyrydz-widok-1-768x346.jpg 768w, https:\/\/rudyrydz.bieszczady.pl\/wp-content\/uploads\/2024\/02\/rudyrydz-widok-1-1536x692.jpg 1536w, https:\/\/rudyrydz.bieszczady.pl\/wp-content\/uploads\/2024\/02\/rudyrydz-widok-1-2048x923.jpg 2048w\" sizes=\"auto, (max-width: 767px) 89vw, (max-width: 1000px) 54vw, (max-width: 1071px) 543px, 580px\" \/><\/a><\/figure>\n\n\n\n<figure class=\"wp-block-image size-large\"><a href=\"https:\/\/rudyrydz.bieszczady.pl\/index.php\/domek\/rudyrydz-zima-4\/\"><img loading=\"lazy\" decoding=\"async\" width=\"1024\" height=\"461\" data-id=\"68\" src=\"https:\/\/rudyrydz.bieszczady.pl\/wp-content\/uploads\/2024\/02\/rudyrydz-zima-4-1024x461.jpg\" alt=\"\" class=\"wp-image-68\" srcset=\"https:\/\/rudyrydz.bieszczady.pl\/wp-content\/uploads\/2024\/02\/rudyrydz-zima-4-1024x461.jpg 1024w, https:\/\/rudyrydz.bieszczady.pl\/wp-content\/uploads\/2024\/02\/rudyrydz-zima-4-300x135.jpg 300w, https:\/\/rudyrydz.bieszczady.pl\/wp-content\/uploads\/2024\/02\/rudyrydz-zima-4-768x346.jpg 768w, https:\/\/rudyrydz.bieszczady.pl\/wp-content\/uploads\/2024\/02\/rudyrydz-zima-4-1536x692.jpg 1536w, https:\/\/rudyrydz.bieszczady.pl\/wp-content\/uploads\/2024\/02\/rudyrydz-zima-4-2048x923.jpg 2048w\" sizes=\"auto, (max-width: 767px) 89vw, (max-width: 1000px) 54vw, (max-width: 1071px) 543px, 580px\" \/><\/a><\/figure>\n\n\n\n<figure class=\"wp-block-image size-large\"><a href=\"https:\/\/rudyrydz.bieszczady.pl\/index.php\/domek\/rudyrydz-zima-3\/\"><img loading=\"lazy\" decoding=\"async\" width=\"1024\" height=\"461\" data-id=\"70\" src=\"https:\/\/rudyrydz.bieszczady.pl\/wp-content\/uploads\/2024\/02\/rudyrydz-zima-3-1024x461.jpg\" alt=\"\" class=\"wp-image-70\" srcset=\"https:\/\/rudyrydz.bieszczady.pl\/wp-content\/uploads\/2024\/02\/rudyrydz-zima-3-1024x461.jpg 1024w, https:\/\/rudyrydz.bieszczady.pl\/wp-content\/uploads\/2024\/02\/rudyrydz-zima-3-300x135.jpg 300w, https:\/\/rudyrydz.bieszczady.pl\/wp-content\/uploads\/2024\/02\/rudyrydz-zima-3-768x346.jpg 768w, https:\/\/rudyrydz.bieszczady.pl\/wp-content\/uploads\/2024\/02\/rudyrydz-zima-3-1536x692.jpg 1536w, https:\/\/rudyrydz.bieszczady.pl\/wp-content\/uploads\/2024\/02\/rudyrydz-zima-3-2048x923.jpg 2048w\" sizes=\"auto, (max-width: 767px) 89vw, (max-width: 1000px) 54vw, (max-width: 1071px) 543px, 580px\" \/><\/a><\/figure>\n\n\n\n<figure class=\"wp-block-image size-large\"><a href=\"https:\/\/rudyrydz.bieszczady.pl\/index.php\/domek\/rudyrydz-zima-2\/\"><img loading=\"lazy\" decoding=\"async\" width=\"1024\" height=\"461\" data-id=\"71\" src=\"https:\/\/rudyrydz.bieszczady.pl\/wp-content\/uploads\/2024\/02\/rudyrydz-zima-2-1024x461.jpg\" alt=\"\" class=\"wp-image-71\" srcset=\"https:\/\/rudyrydz.bieszczady.pl\/wp-content\/uploads\/2024\/02\/rudyrydz-zima-2-1024x461.jpg 1024w, https:\/\/rudyrydz.bieszczady.pl\/wp-content\/uploads\/2024\/02\/rudyrydz-zima-2-300x135.jpg 300w, https:\/\/rudyrydz.bieszczady.pl\/wp-content\/uploads\/2024\/02\/rudyrydz-zima-2-768x346.jpg 768w, https:\/\/rudyrydz.bieszczady.pl\/wp-content\/uploads\/2024\/02\/rudyrydz-zima-2-1536x692.jpg 1536w, https:\/\/rudyrydz.bieszczady.pl\/wp-content\/uploads\/2024\/02\/rudyrydz-zima-2-2048x923.jpg 2048w\" sizes=\"auto, (max-width: 767px) 89vw, (max-width: 1000px) 54vw, (max-width: 1071px) 543px, 580px\" \/><\/a><\/figure>\n\n\n\n<figure class=\"wp-block-image size-large\"><a href=\"https:\/\/rudyrydz.bieszczady.pl\/index.php\/domek\/rudyrydz-zima-1\/\"><img loading=\"lazy\" decoding=\"async\" width=\"1024\" height=\"461\" data-id=\"69\" src=\"https:\/\/rudyrydz.bieszczady.pl\/wp-content\/uploads\/2024\/02\/rudyrydz-zima-1-1024x461.jpg\" alt=\"\" class=\"wp-image-69\" srcset=\"https:\/\/rudyrydz.bieszczady.pl\/wp-content\/uploads\/2024\/02\/rudyrydz-zima-1-1024x461.jpg 1024w, https:\/\/rudyrydz.bieszczady.pl\/wp-content\/uploads\/2024\/02\/rudyrydz-zima-1-300x135.jpg 300w, https:\/\/rudyrydz.bieszczady.pl\/wp-content\/uploads\/2024\/02\/rudyrydz-zima-1-768x346.jpg 768w, https:\/\/rudyrydz.bieszczady.pl\/wp-content\/uploads\/2024\/02\/rudyrydz-zima-1-1536x692.jpg 1536w, https:\/\/rudyrydz.bieszczady.pl\/wp-content\/uploads\/2024\/02\/rudyrydz-zima-1-2048x923.jpg 2048w\" sizes=\"auto, (max-width: 767px) 89vw, (max-width: 1000px) 54vw, (max-width: 1071px) 543px, 580px\" \/><\/a><\/figure>\n\n\n\n<figure class=\"wp-block-image size-large\"><a href=\"https:\/\/rudyrydz.bieszczady.pl\/index.php\/domek\/rudyrydz-zachod-soo%cf%83ca-1\/\"><img loading=\"lazy\" decoding=\"async\" width=\"1024\" height=\"461\" data-id=\"72\" src=\"https:\/\/rudyrydz.bieszczady.pl\/wp-content\/uploads\/2024\/02\/rudyrydz-zachod-soo\u03a3ca-1-1024x461.jpg\" alt=\"\" class=\"wp-image-72\" srcset=\"https:\/\/rudyrydz.bieszczady.pl\/wp-content\/uploads\/2024\/02\/rudyrydz-zachod-soo\u03a3ca-1-1024x461.jpg 1024w, https:\/\/rudyrydz.bieszczady.pl\/wp-content\/uploads\/2024\/02\/rudyrydz-zachod-soo\u03a3ca-1-300x135.jpg 300w, https:\/\/rudyrydz.bieszczady.pl\/wp-content\/uploads\/2024\/02\/rudyrydz-zachod-soo\u03a3ca-1-768x346.jpg 768w, https:\/\/rudyrydz.bieszczady.pl\/wp-content\/uploads\/2024\/02\/rudyrydz-zachod-soo\u03a3ca-1-1536x691.jpg 1536w, https:\/\/rudyrydz.bieszczady.pl\/wp-content\/uploads\/2024\/02\/rudyrydz-zachod-soo\u03a3ca-1-2048x922.jpg 2048w\" sizes=\"auto, (max-width: 767px) 89vw, (max-width: 1000px) 54vw, (max-width: 1071px) 543px, 580px\" \/><\/a><\/figure>\n\n\n\n<figure class=\"wp-block-image size-large\"><a href=\"https:\/\/rudyrydz.bieszczady.pl\/index.php\/domek\/rudyrydz-widok-las-zima\/\"><img loading=\"lazy\" decoding=\"async\" width=\"1024\" height=\"461\" data-id=\"73\" src=\"https:\/\/rudyrydz.bieszczady.pl\/wp-content\/uploads\/2024\/02\/rudyrydz-widok-las-zima-1024x461.jpg\" alt=\"\" class=\"wp-image-73\" srcset=\"https:\/\/rudyrydz.bieszczady.pl\/wp-content\/uploads\/2024\/02\/rudyrydz-widok-las-zima-1024x461.jpg 1024w, https:\/\/rudyrydz.bieszczady.pl\/wp-content\/uploads\/2024\/02\/rudyrydz-widok-las-zima-300x135.jpg 300w, https:\/\/rudyrydz.bieszczady.pl\/wp-content\/uploads\/2024\/02\/rudyrydz-widok-las-zima-768x346.jpg 768w, https:\/\/rudyrydz.bieszczady.pl\/wp-content\/uploads\/2024\/02\/rudyrydz-widok-las-zima-1536x692.jpg 1536w, https:\/\/rudyrydz.bieszczady.pl\/wp-content\/uploads\/2024\/02\/rudyrydz-widok-las-zima-2048x923.jpg 2048w\" sizes=\"auto, (max-width: 767px) 89vw, (max-width: 1000px) 54vw, (max-width: 1071px) 543px, 580px\" \/><\/a><\/figure>\n\n\n\n<figure class=\"wp-block-image size-large\"><a href=\"https:\/\/rudyrydz.bieszczady.pl\/index.php\/domek\/salamandra\/\"><img loading=\"lazy\" decoding=\"async\" width=\"750\" height=\"1000\" data-id=\"67\" src=\"https:\/\/rudyrydz.bieszczady.pl\/wp-content\/uploads\/2024\/02\/salamandra-rotated.jpg\" alt=\"\" class=\"wp-image-67\" srcset=\"https:\/\/rudyrydz.bieszczady.pl\/wp-content\/uploads\/2024\/02\/salamandra-rotated.jpg 750w, https:\/\/rudyrydz.bieszczady.pl\/wp-content\/uploads\/2024\/02\/salamandra-225x300.jpg 225w\" sizes=\"auto, (max-width: 706px) 89vw, (max-width: 767px) 82vw, 740px\" \/><\/a><\/figure>\n\n\n\n<figure class=\"wp-block-image size-large\"><a href=\"https:\/\/rudyrydz.bieszczady.pl\/index.php\/domek\/las-2\/\"><img loading=\"lazy\" decoding=\"async\" width=\"1024\" height=\"768\" data-id=\"75\" src=\"https:\/\/rudyrydz.bieszczady.pl\/wp-content\/uploads\/2024\/02\/las-2-1024x768.jpg\" alt=\"\" class=\"wp-image-75\" srcset=\"https:\/\/rudyrydz.bieszczady.pl\/wp-content\/uploads\/2024\/02\/las-2-1024x768.jpg 1024w, https:\/\/rudyrydz.bieszczady.pl\/wp-content\/uploads\/2024\/02\/las-2-300x225.jpg 300w, https:\/\/rudyrydz.bieszczady.pl\/wp-content\/uploads\/2024\/02\/las-2-768x576.jpg 768w, https:\/\/rudyrydz.bieszczady.pl\/wp-content\/uploads\/2024\/02\/las-2.jpg 1333w\" sizes=\"auto, (max-width: 767px) 89vw, (max-width: 1000px) 54vw, (max-width: 1071px) 543px, 580px\" \/><\/a><\/figure>\n\n\n\n<figure class=\"wp-block-image size-large\"><a href=\"https:\/\/rudyrydz.bieszczady.pl\/index.php\/domek\/kosz-rydzy\/\"><img loading=\"lazy\" decoding=\"async\" width=\"1024\" height=\"768\" data-id=\"76\" src=\"https:\/\/rudyrydz.bieszczady.pl\/wp-content\/uploads\/2024\/02\/kosz-rydzy-1024x768.jpg\" alt=\"\" class=\"wp-image-76\" srcset=\"https:\/\/rudyrydz.bieszczady.pl\/wp-content\/uploads\/2024\/02\/kosz-rydzy-1024x768.jpg 1024w, https:\/\/rudyrydz.bieszczady.pl\/wp-content\/uploads\/2024\/02\/kosz-rydzy-300x225.jpg 300w, https:\/\/rudyrydz.bieszczady.pl\/wp-content\/uploads\/2024\/02\/kosz-rydzy-768x576.jpg 768w, https:\/\/rudyrydz.bieszczady.pl\/wp-content\/uploads\/2024\/02\/kosz-rydzy.jpg 1333w\" sizes=\"auto, (max-width: 767px) 89vw, (max-width: 1000px) 54vw, (max-width: 1071px) 543px, 580px\" \/><\/a><\/figure>\n\n\n\n<figure class=\"wp-block-image size-large\"><a href=\"https:\/\/rudyrydz.bieszczady.pl\/index.php\/domek\/grzyby-2\/\"><img loading=\"lazy\" decoding=\"async\" width=\"750\" height=\"1000\" data-id=\"77\" src=\"https:\/\/rudyrydz.bieszczady.pl\/wp-content\/uploads\/2024\/02\/grzyby-2-rotated.jpg\" alt=\"\" class=\"wp-image-77\" srcset=\"https:\/\/rudyrydz.bieszczady.pl\/wp-content\/uploads\/2024\/02\/grzyby-2-rotated.jpg 750w, https:\/\/rudyrydz.bieszczady.pl\/wp-content\/uploads\/2024\/02\/grzyby-2-225x300.jpg 225w\" sizes=\"auto, (max-width: 706px) 89vw, (max-width: 767px) 82vw, 740px\" \/><\/a><\/figure>\n\n\n\n<figure class=\"wp-block-image size-large\"><a href=\"https:\/\/rudyrydz.bieszczady.pl\/index.php\/domek\/grzyby-1\/\"><img loading=\"lazy\" decoding=\"async\" width=\"1024\" height=\"768\" data-id=\"78\" src=\"https:\/\/rudyrydz.bieszczady.pl\/wp-content\/uploads\/2024\/02\/grzyby-1-1024x768.jpg\" alt=\"\" class=\"wp-image-78\" srcset=\"https:\/\/rudyrydz.bieszczady.pl\/wp-content\/uploads\/2024\/02\/grzyby-1-1024x768.jpg 1024w, https:\/\/rudyrydz.bieszczady.pl\/wp-content\/uploads\/2024\/02\/grzyby-1-300x225.jpg 300w, https:\/\/rudyrydz.bieszczady.pl\/wp-content\/uploads\/2024\/02\/grzyby-1-768x576.jpg 768w, https:\/\/rudyrydz.bieszczady.pl\/wp-content\/uploads\/2024\/02\/grzyby-1.jpg 1333w\" sizes=\"auto, (max-width: 767px) 89vw, (max-width: 1000px) 54vw, (max-width: 1071px) 543px, 580px\" \/><\/a><\/figure>\n\n\n\n<figure class=\"wp-block-image size-large\"><a href=\"https:\/\/rudyrydz.bieszczady.pl\/index.php\/domek\/borowiki\/\"><img loading=\"lazy\" decoding=\"async\" width=\"1024\" height=\"768\" data-id=\"79\" src=\"https:\/\/rudyrydz.bieszczady.pl\/wp-content\/uploads\/2024\/02\/borowiki-1024x768.jpg\" alt=\"\" class=\"wp-image-79\" srcset=\"https:\/\/rudyrydz.bieszczady.pl\/wp-content\/uploads\/2024\/02\/borowiki-1024x768.jpg 1024w, https:\/\/rudyrydz.bieszczady.pl\/wp-content\/uploads\/2024\/02\/borowiki-300x225.jpg 300w, https:\/\/rudyrydz.bieszczady.pl\/wp-content\/uploads\/2024\/02\/borowiki-768x576.jpg 768w, https:\/\/rudyrydz.bieszczady.pl\/wp-content\/uploads\/2024\/02\/borowiki.jpg 1333w\" sizes=\"auto, (max-width: 767px) 89vw, (max-width: 1000px) 54vw, (max-width: 1071px) 543px, 580px\" \/><\/a><\/figure>\n<\/figure>\n","protected":false},"excerpt":{"rendered":"<p>Do dyspozycji Pa\u0144stwa oddajemy komfortowy domek mieszcz\u0105cy trzy\/cztery osoby doros\u0142e oraz dw\u00f3jk\u0119 dzieci\/nastolatk\u00f3w. W domku s\u0105 dwie sypialnie.Jedna sypialnia znajduje si\u0119 na antresoli z trzema pojedynczymi \u0142\u00f3\u017ckami z mo\u017cliwo\u015bci\u0105 po\u0142\u0105czenia oraz ma\u0142a sypialnia na parterze z dwuosobowym \u0142\u00f3\u017ckiem pi\u0119trowym. Kuchnia urz\u0105dzona jest taki spos\u00f3b aby ka\u017cdy czu\u0142 si\u0119 jak we w\u0142asnym domu i zosta\u0142a wyposa\u017cona &hellip; <\/p>\n<p class=\"link-more\"><a href=\"https:\/\/rudyrydz.bieszczady.pl\/index.php\/domek\/\" class=\"more-link\">Czytaj dalej<span class=\"screen-reader-text\"> \u201eDomek\u201d<\/span><\/a><\/p>\n","protected":false},"author":1,"featured_media":40,"parent":0,"menu_order":0,"comment_status":"closed","ping_status":"closed","template":"","meta":{"om_disable_all_campaigns":false,"_monsterinsights_skip_tracking":false,"_monsterinsights_sitenote_active":false,"_monsterinsights_sitenote_note":"","_monsterinsights_sitenote_category":0,"footnotes":""},"class_list":["post-36","page","type-page","status-publish","has-post-thumbnail","hentry"],"aioseo_notices":[],"_links":{"self":[{"href":"https:\/\/rudyrydz.bieszczady.pl\/index.php\/wp-json\/wp\/v2\/pages\/36","targetHints":{"allow":["GET"]}}],"collection":[{"href":"https:\/\/rudyrydz.bieszczady.pl\/index.php\/wp-json\/wp\/v2\/pages"}],"about":[{"href":"https:\/\/rudyrydz.bieszczady.pl\/index.php\/wp-json\/wp\/v2\/types\/page"}],"author":[{"embeddable":true,"href":"https:\/\/rudyrydz.bieszczady.pl\/index.php\/wp-json\/wp\/v2\/users\/1"}],"replies":[{"embeddable":true,"href":"https:\/\/rudyrydz.bieszczady.pl\/index.php\/wp-json\/wp\/v2\/comments?post=36"}],"version-history":[{"count":14,"href":"https:\/\/rudyrydz.bieszczady.pl\/index.php\/wp-json\/wp\/v2\/pages\/36\/revisions"}],"predecessor-version":[{"id":149,"href":"https:\/\/rudyrydz.bieszczady.pl\/index.php\/wp-json\/wp\/v2\/pages\/36\/revisions\/149"}],"wp:featuredmedia":[{"embeddable":true,"href":"https:\/\/rudyrydz.bieszczady.pl\/index.php\/wp-json\/wp\/v2\/media\/40"}],"wp:attachment":[{"href":"https:\/\/rudyrydz.bieszczady.pl\/index.php\/wp-json\/wp\/v2\/media?parent=36"}],"curies":[{"name":"wp","href":"https:\/\/api.w.org\/{rel}","templated":true}]}}