{"id":83,"date":"2024-02-19T22:49:10","date_gmt":"2024-02-19T21:49:10","guid":{"rendered":"https:\/\/rudyrydz.bieszczady.pl\/?page_id=83"},"modified":"2024-03-27T21:44:34","modified_gmt":"2024-03-27T20:44:34","slug":"atrakcje","status":"publish","type":"page","link":"https:\/\/rudyrydz.bieszczady.pl\/index.php\/atrakcje\/","title":{"rendered":"Atrakcje"},"content":{"rendered":"\n<p>Drewniany domek w Bieszczadach &#8222;Rudy Rydz&#8221;, po\u0142o\u017cony jest w otulinie las\u00f3w G\u00f3r S\u0142onnych, w ma\u0142ej miejscowo\u015bci Brelik\u00f3w. Kiedy ju\u017c nasycicie si\u0119 cisz\u0105, spokojem i kontaktem z przyrod\u0105, mo\u017cecie ruszy\u0107 w poszukiwaniu lokalnych atrakcji !<\/p>\n\n\n\n<p> W bliskiej okolicy znajduj\u0105 si\u0119:<\/p>\n\n\n\n<div class=\"wp-block-media-text is-stacked-on-mobile\"><figure class=\"wp-block-media-text__media\"><img loading=\"lazy\" decoding=\"async\" width=\"1024\" height=\"768\" src=\"https:\/\/rudyrydz.bieszczady.pl\/wp-content\/uploads\/2024\/02\/solina-1024x768.jpeg\" alt=\"\" class=\"wp-image-88 size-full\" srcset=\"https:\/\/rudyrydz.bieszczady.pl\/wp-content\/uploads\/2024\/02\/solina-1024x768.jpeg 1024w, https:\/\/rudyrydz.bieszczady.pl\/wp-content\/uploads\/2024\/02\/solina-300x225.jpeg 300w, https:\/\/rudyrydz.bieszczady.pl\/wp-content\/uploads\/2024\/02\/solina-768x576.jpeg 768w, https:\/\/rudyrydz.bieszczady.pl\/wp-content\/uploads\/2024\/02\/solina-1536x1152.jpeg 1536w, https:\/\/rudyrydz.bieszczady.pl\/wp-content\/uploads\/2024\/02\/solina.jpeg 2048w\" sizes=\"auto, (max-width: 767px) 89vw, (max-width: 1000px) 54vw, (max-width: 1071px) 543px, 580px\" \/><\/figure><div class=\"wp-block-media-text__content\">\n<p>Zapora w Solinie i Pola\u0144czyk<\/p>\n<\/div><\/div>\n\n\n\n<div class=\"wp-block-media-text has-media-on-the-right is-stacked-on-mobile\"><div class=\"wp-block-media-text__content\">\n<p>Drezyny rowerowe w Uhercah Mineralnych<\/p>\n<\/div><figure class=\"wp-block-media-text__media\"><img loading=\"lazy\" decoding=\"async\" width=\"1024\" height=\"669\" src=\"https:\/\/rudyrydz.bieszczady.pl\/wp-content\/uploads\/2024\/02\/drezyny-1024x669.jpg\" alt=\"\" class=\"wp-image-89 size-full\" srcset=\"https:\/\/rudyrydz.bieszczady.pl\/wp-content\/uploads\/2024\/02\/drezyny-1024x669.jpg 1024w, https:\/\/rudyrydz.bieszczady.pl\/wp-content\/uploads\/2024\/02\/drezyny-300x196.jpg 300w, https:\/\/rudyrydz.bieszczady.pl\/wp-content\/uploads\/2024\/02\/drezyny-768x502.jpg 768w, https:\/\/rudyrydz.bieszczady.pl\/wp-content\/uploads\/2024\/02\/drezyny-1536x1004.jpg 1536w, https:\/\/rudyrydz.bieszczady.pl\/wp-content\/uploads\/2024\/02\/drezyny.jpg 1600w\" sizes=\"auto, (max-width: 767px) 89vw, (max-width: 1000px) 54vw, (max-width: 1071px) 543px, 580px\" \/><\/figure><\/div>\n\n\n\n<div class=\"wp-block-media-text is-stacked-on-mobile\"><figure class=\"wp-block-media-text__media\"><img loading=\"lazy\" decoding=\"async\" width=\"800\" height=\"581\" src=\"https:\/\/rudyrydz.bieszczady.pl\/wp-content\/uploads\/2024\/02\/Charcoal_retorts_cm01.jpg\" alt=\"\" class=\"wp-image-90 size-full\" srcset=\"https:\/\/rudyrydz.bieszczady.pl\/wp-content\/uploads\/2024\/02\/Charcoal_retorts_cm01.jpg 800w, https:\/\/rudyrydz.bieszczady.pl\/wp-content\/uploads\/2024\/02\/Charcoal_retorts_cm01-300x218.jpg 300w, https:\/\/rudyrydz.bieszczady.pl\/wp-content\/uploads\/2024\/02\/Charcoal_retorts_cm01-768x558.jpg 768w\" sizes=\"auto, (max-width: 767px) 89vw, (max-width: 1000px) 54vw, (max-width: 1071px) 543px, 580px\" \/><\/figure><div class=\"wp-block-media-text__content\">\n<p>Muzeum wypa\u0142u w\u0119gla drzewnego w Lutowiskach<\/p>\n<\/div><\/div>\n\n\n\n<div class=\"wp-block-media-text has-media-on-the-right is-stacked-on-mobile\"><div class=\"wp-block-media-text__content\">\n<p>Stacja narciarska Wa\u0144kowa-Ski<\/p>\n<\/div><figure class=\"wp-block-media-text__media\"><img loading=\"lazy\" decoding=\"async\" width=\"1024\" height=\"768\" src=\"https:\/\/rudyrydz.bieszczady.pl\/wp-content\/uploads\/2024\/03\/wankowa.jpg\" alt=\"\" class=\"wp-image-147 size-full\" srcset=\"https:\/\/rudyrydz.bieszczady.pl\/wp-content\/uploads\/2024\/03\/wankowa.jpg 1024w, https:\/\/rudyrydz.bieszczady.pl\/wp-content\/uploads\/2024\/03\/wankowa-300x225.jpg 300w, https:\/\/rudyrydz.bieszczady.pl\/wp-content\/uploads\/2024\/03\/wankowa-768x576.jpg 768w\" sizes=\"auto, (max-width: 767px) 89vw, (max-width: 1000px) 54vw, (max-width: 1071px) 543px, 580px\" \/><\/figure><\/div>\n","protected":false},"excerpt":{"rendered":"<p>Drewniany domek w Bieszczadach &#8222;Rudy Rydz&#8221;, po\u0142o\u017cony jest w otulinie las\u00f3w G\u00f3r S\u0142onnych, w ma\u0142ej miejscowo\u015bci Brelik\u00f3w. Kiedy ju\u017c nasycicie si\u0119 cisz\u0105, spokojem i kontaktem z przyrod\u0105, mo\u017cecie ruszy\u0107 w poszukiwaniu lokalnych atrakcji ! W bliskiej okolicy znajduj\u0105 si\u0119: Zapora w Solinie i Pola\u0144czyk Drezyny rowerowe w Uhercah Mineralnych Muzeum wypa\u0142u w\u0119gla drzewnego w Lutowiskach &hellip; <\/p>\n<p class=\"link-more\"><a href=\"https:\/\/rudyrydz.bieszczady.pl\/index.php\/atrakcje\/\" class=\"more-link\">Czytaj dalej<span class=\"screen-reader-text\"> \u201eAtrakcje\u201d<\/span><\/a><\/p>\n","protected":false},"author":1,"featured_media":88,"parent":0,"menu_order":0,"comment_status":"closed","ping_status":"closed","template":"","meta":{"om_disable_all_campaigns":false,"_monsterinsights_skip_tracking":false,"_monsterinsights_sitenote_active":false,"_monsterinsights_sitenote_note":"","_monsterinsights_sitenote_category":0,"footnotes":""},"class_list":["post-83","page","type-page","status-publish","has-post-thumbnail","hentry"],"aioseo_notices":[],"_links":{"self":[{"href":"https:\/\/rudyrydz.bieszczady.pl\/index.php\/wp-json\/wp\/v2\/pages\/83","targetHints":{"allow":["GET"]}}],"collection":[{"href":"https:\/\/rudyrydz.bieszczady.pl\/index.php\/wp-json\/wp\/v2\/pages"}],"about":[{"href":"https:\/\/rudyrydz.bieszczady.pl\/index.php\/wp-json\/wp\/v2\/types\/page"}],"author":[{"embeddable":true,"href":"https:\/\/rudyrydz.bieszczady.pl\/index.php\/wp-json\/wp\/v2\/users\/1"}],"replies":[{"embeddable":true,"href":"https:\/\/rudyrydz.bieszczady.pl\/index.php\/wp-json\/wp\/v2\/comments?post=83"}],"version-history":[{"count":5,"href":"https:\/\/rudyrydz.bieszczady.pl\/index.php\/wp-json\/wp\/v2\/pages\/83\/revisions"}],"predecessor-version":[{"id":148,"href":"https:\/\/rudyrydz.bieszczady.pl\/index.php\/wp-json\/wp\/v2\/pages\/83\/revisions\/148"}],"wp:featuredmedia":[{"embeddable":true,"href":"https:\/\/rudyrydz.bieszczady.pl\/index.php\/wp-json\/wp\/v2\/media\/88"}],"wp:attachment":[{"href":"https:\/\/rudyrydz.bieszczady.pl\/index.php\/wp-json\/wp\/v2\/media?parent=83"}],"curies":[{"name":"wp","href":"https:\/\/api.w.org\/{rel}","templated":true}]}}